{"id":125,"date":"2026-04-04T19:34:04","date_gmt":"2026-04-04T19:34:04","guid":{"rendered":"https:\/\/mikonferencija.com\/?page_id=125"},"modified":"2026-04-12T10:52:34","modified_gmt":"2026-04-12T10:52:34","slug":"kontakti","status":"publish","type":"page","link":"https:\/\/mikonferencija.com\/en\/kontakti\/","title":{"rendered":"Contacts"},"content":{"rendered":"<section class=\"mk-contact-section\">\n<div class=\"mk-contact-wrap\">\n<div class=\"mk-contact-intro\">\n<p class=\"mk-contact-kicker\">Information<\/p>\n<h1>Contact us<\/h1>\n<p class=\"mk-contact-lead\">For all inquiries regarding the conference, registration, and abstract submission<br \/>\nplease contact us using the details below.<\/p>\n<\/div>\n<div class=\"mk-contact-grid\">\n<div class=\"mk-contact-card\">\n<h2>Organiser<\/h2>\n<p><strong>Institute for Migration Research<\/strong><\/p>\n<p>Stjepan Radi\u0107 Square 3<br \/>\n10000 Zagreb<\/p>\n<p>Tel.: +385 (0)1 6111 563; 6111 586<\/p>\n<p>Fax: +385 (0)1 6119 680<\/p>\n<p>E-mail: <a href=\"mailto:imin@imin.hr\">imin@imin.hr<\/a><\/p>\n<p>E-adresa za slanje sa\u017eetaka: <a href=\"mailto:mi4konferencija@imin.hr\">mi4konferencija@imin.hr<\/a><\/p>\n<p><img loading=\"lazy\" decoding=\"async\" class=\"alignnone size-medium wp-image-61\" src=\"https:\/\/mikonferencija.com\/wp-content\/uploads\/2026\/04\/IMIN-LOGO1-300x114.png\" alt=\"\" width=\"300\" height=\"114\" srcset=\"https:\/\/mikonferencija.com\/wp-content\/uploads\/2026\/04\/IMIN-LOGO1-300x114.png 300w, https:\/\/mikonferencija.com\/wp-content\/uploads\/2026\/04\/IMIN-LOGO1-768x291.png 768w, https:\/\/mikonferencija.com\/wp-content\/uploads\/2026\/04\/IMIN-LOGO1.png 878w\" sizes=\"auto, (max-width: 300px) 100vw, 300px\" \/><\/p>\n<\/div>\n<div class=\"mk-contact-card\">\n<h2>Conference venues<\/h2>\n<div class=\"mk-place-item\">\n<p class=\"mk-date\"><strong>03. 12. 2026.<\/strong><\/p>\n<p><strong>Croatian Heritage Foundation<\/strong>, Stjepan Radi\u0107 Square 3, 10000 Zagreb, Republic of Croatia<\/p>\n<p><img loading=\"lazy\" decoding=\"async\" class=\"alignnone size-full wp-image-188\" src=\"https:\/\/mikonferencija.com\/wp-content\/uploads\/2026\/04\/HMI_logo_v3_white.webp\" alt=\"\" width=\"258\" height=\"290\" \/><\/p>\n<\/div>\n<div class=\"mk-place-item\">\n<p class=\"mk-date\"><strong>04. 12. 2026.<\/strong><\/p>\n<p><strong>Libertas International University<\/strong>, John F. Kennedy Square 6B, 10000 Zagreb, Republic of Croatia\u201d<\/p>\n<p><img loading=\"lazy\" decoding=\"async\" class=\"alignnone size-medium wp-image-189\" src=\"https:\/\/mikonferencija.com\/wp-content\/uploads\/2026\/04\/Sveuciliste-Libertas-Logo-300x89.png\" alt=\"\" width=\"300\" height=\"89\" srcset=\"https:\/\/mikonferencija.com\/wp-content\/uploads\/2026\/04\/Sveuciliste-Libertas-Logo-300x89.png 300w, https:\/\/mikonferencija.com\/wp-content\/uploads\/2026\/04\/Sveuciliste-Libertas-Logo.png 550w\" sizes=\"auto, (max-width: 300px) 100vw, 300px\" \/><\/p>\n<\/div>\n<\/div>\n<\/div>\n<\/div>\n<\/section>","protected":false},"excerpt":{"rendered":"<p>Informacije Kontakti Za sva pitanja vezana uz konferenciju, prijavu sudjelovanja i slanje sa\u017eetaka, obratite nam se putem kontakata u nastavku. Organizator Institut za istra\u017eivanje migracija Trg Stjepana Radi\u0107a 3 10000&hellip;<\/p>","protected":false},"author":1,"featured_media":0,"parent":0,"menu_order":0,"comment_status":"closed","ping_status":"closed","template":"","meta":{"pagelayer_contact_templates":[],"_pagelayer_content":"","footnotes":""},"class_list":["post-125","page","type-page","status-publish","hentry"],"_links":{"self":[{"href":"https:\/\/mikonferencija.com\/en\/wp-json\/wp\/v2\/pages\/125","targetHints":{"allow":["GET"]}}],"collection":[{"href":"https:\/\/mikonferencija.com\/en\/wp-json\/wp\/v2\/pages"}],"about":[{"href":"https:\/\/mikonferencija.com\/en\/wp-json\/wp\/v2\/types\/page"}],"author":[{"embeddable":true,"href":"https:\/\/mikonferencija.com\/en\/wp-json\/wp\/v2\/users\/1"}],"replies":[{"embeddable":true,"href":"https:\/\/mikonferencija.com\/en\/wp-json\/wp\/v2\/comments?post=125"}],"version-history":[{"count":8,"href":"https:\/\/mikonferencija.com\/en\/wp-json\/wp\/v2\/pages\/125\/revisions"}],"predecessor-version":[{"id":256,"href":"https:\/\/mikonferencija.com\/en\/wp-json\/wp\/v2\/pages\/125\/revisions\/256"}],"wp:attachment":[{"href":"https:\/\/mikonferencija.com\/en\/wp-json\/wp\/v2\/media?parent=125"}],"curies":[{"name":"wp","href":"https:\/\/api.w.org\/{rel}","templated":true}]}}