{"id":173,"date":"2026-04-05T12:15:10","date_gmt":"2026-04-05T12:15:10","guid":{"rendered":"https:\/\/mikonferencija.com\/?page_id=173"},"modified":"2026-04-12T10:48:56","modified_gmt":"2026-04-12T10:48:56","slug":"teme-konferencije","status":"publish","type":"page","link":"https:\/\/mikonferencija.com\/en\/teme-konferencije\/","title":{"rendered":"Conference topics"},"content":{"rendered":"<p>&nbsp;<\/p>\n<p>Pozivaju se teorijski utemeljeni i empirijski radovi koji doprinose razumijevanju uzroka, obrazaca i posljedica migracija na globalnoj razini, uklju\u010duju\u0107i komparativne i transnacionalne perspektive.<\/p>\n<p>&nbsp;<\/p>\n<p>&nbsp;<\/p>\n<p>Okvirne teme izlaganja u sljede\u0107im tematskim podru\u010djima:<\/p>\n<p>&nbsp;<\/p>\n<p>&#8211; me\u0111unarodne i unutarnje migracije<\/p>\n<p>&#8211; migracije i transformacije tr\u017ei\u0161ta rada<\/p>\n<p>&#8211; iseljavanje, useljavanje i povratne migracije (povratni\u0161tvo)<\/p>\n<p>&#8211; cirkularne migracije i reintegracija migranata<\/p>\n<p>&#8211; dijaspora i transnacionalni migracijski obrasci<\/p>\n<p>&#8211; prisilne i neregularne migracije<\/p>\n<p>&#8211; upravljanje migracijama i integracijske politike<\/p>\n<p>&#8211; demografske promjene i mobilnost stanovni\u0161tva<\/p>\n<p>&#8211; identitet, kultura i dru\u0161tvena kohezija<\/p>\n<p>&#8211; migracije i odr\u017eivi razvoj<\/p>\n<p>&nbsp;<\/p>\n<p>Konferencija pru\u017ea priliku za predstavljanje recentnih istra\u017eivanja, razmjenu znanja s me\u0111unarodnim stru\u010dnjacima te aktivno sudjelovanje u oblikovanju suvremenih znanstvenih i <em>policy<\/em> rasprava o migracijama. Odabrani radovi bit \u0107e uklju\u010deni u recenzirani zbornik konferencije.<\/p>\n<hr \/>\n<p>The conference welcomes theoretically grounded and empirical papers that contribute to understanding the causes, patterns, and consequences of migration at the global level, including comparative and transnational perspectives.<\/p>\n<p>&nbsp;<\/p>\n<p><strong>INDICATIVE TOPICS (THEMATIC AREAS):<\/strong><\/p>\n<p>&nbsp;<\/p>\n<ul>\n<li>International and internal migration<\/li>\n<li>Migration and labour market transformations<\/li>\n<li>Emigration, immigration, and return migration<\/li>\n<li>Circular migration and migrant reintegration<\/li>\n<li>Diaspora and transnational migration patterns<\/li>\n<li>Forced and irregular migration<\/li>\n<li>Migration governance and integration policies<\/li>\n<li>Demographic change and population mobility<\/li>\n<li>Identity, culture, and social cohesion<\/li>\n<li>Migration and sustainable development<\/li>\n<\/ul>\n<p>&nbsp;<\/p>\n<p>The conference provides an opportunity to present recent research, exchange knowledge with international experts, and actively participate in shaping contemporary scientific and policy debates on migration. Selected papers will be published in a peer-reviewed conference proceedings volume.<\/p>","protected":false},"excerpt":{"rendered":"<p>&nbsp; Pozivaju se teorijski utemeljeni i empirijski radovi koji doprinose razumijevanju uzroka, obrazaca i posljedica migracija na globalnoj razini, uklju\u010duju\u0107i komparativne i transnacionalne perspektive. &nbsp; &nbsp; Okvirne teme izlaganja u&hellip;<\/p>","protected":false},"author":1,"featured_media":0,"parent":0,"menu_order":0,"comment_status":"closed","ping_status":"closed","template":"","meta":{"pagelayer_contact_templates":[],"_pagelayer_content":"","footnotes":""},"class_list":["post-173","page","type-page","status-publish","hentry"],"_links":{"self":[{"href":"https:\/\/mikonferencija.com\/en\/wp-json\/wp\/v2\/pages\/173","targetHints":{"allow":["GET"]}}],"collection":[{"href":"https:\/\/mikonferencija.com\/en\/wp-json\/wp\/v2\/pages"}],"about":[{"href":"https:\/\/mikonferencija.com\/en\/wp-json\/wp\/v2\/types\/page"}],"author":[{"embeddable":true,"href":"https:\/\/mikonferencija.com\/en\/wp-json\/wp\/v2\/users\/1"}],"replies":[{"embeddable":true,"href":"https:\/\/mikonferencija.com\/en\/wp-json\/wp\/v2\/comments?post=173"}],"version-history":[{"count":3,"href":"https:\/\/mikonferencija.com\/en\/wp-json\/wp\/v2\/pages\/173\/revisions"}],"predecessor-version":[{"id":255,"href":"https:\/\/mikonferencija.com\/en\/wp-json\/wp\/v2\/pages\/173\/revisions\/255"}],"wp:attachment":[{"href":"https:\/\/mikonferencija.com\/en\/wp-json\/wp\/v2\/media?parent=173"}],"curies":[{"name":"wp","href":"https:\/\/api.w.org\/{rel}","templated":true}]}}