{"id":59,"date":"2026-04-04T16:03:19","date_gmt":"2026-04-04T16:03:19","guid":{"rendered":"https:\/\/mikonferencija.com\/home-2\/"},"modified":"2026-04-05T11:51:43","modified_gmt":"2026-04-05T11:51:43","slug":"home-2","status":"publish","type":"page","link":"https:\/\/mikonferencija.com\/en\/","title":{"rendered":"Mikonferencija 4"},"content":{"rendered":"<p>Organizator je konferencije Institut za istra\u017eivanje migracija (IMIN), koji ove godine slavi 40 godina od svojega osnutka. Ta slavljeni\u010dka prigoda obilje\u017eena je i promjenom imena: Institut za migracije i narodnosti preimenovan je u Institut za istra\u017eivanje migracija. Institut za migracije i narodnosti osnovan je 1984. godine spajanjem Centra za istra\u017eivanje migracija i narodnosti i Zavoda za migracije i narodnosti. Jedina je znanstvenoistra\u017eiva\u010dka ustanova u Hrvatskoj i u \u0161iremu okru\u017eenju koja sustavnim i kontinuiranim interdisciplinarnim pra\u0107enjem svih oblika migracija i mobilnosti stanovni\u0161tva, prou\u010davanjem nacionalnih\/etni\u010dkih manjina i razli\u010ditih aspekata etni\u010dke problematike (s osobitim zada\u0107ama poticanja njihova komparativnoga prou\u010davanja) unapre\u0111uje znanstveno i javno razumijevanje njihove slo\u017eenosti i stvarnosti. Osim toga, istra\u017eivanja hrvatskoga identiteta, hrvatskoga iseljeni\u0161tva, stanovni\u0161tva hrvatskih otoka, priobalja i kontinentalnih regija kao i komparativna istra\u017eivanja postmigracijskih fenomena (poput integracije migranata) tako\u0111er zauzimaju va\u017eno mjesto u djelatnosti Instituta. Posljednjih godina, nakon pojave novih migracijskih obrazaca u Hrvatskoj, istra\u017eivanja su usmjerena i na transnacionalnu perspektivu migracija, tra\u017eitelje me\u0111unarodne za\u0161tite, neregularne migracije i strane radnike.<\/p>","protected":false},"excerpt":{"rendered":"<p>Organizator je konferencije Institut za istra\u017eivanje migracija (IMIN), koji ove godine slavi 40 godina od svojega osnutka. Ta slavljeni\u010dka prigoda obilje\u017eena je i promjenom imena: Institut za migracije i narodnosti&hellip;<\/p>","protected":false},"author":1,"featured_media":0,"parent":0,"menu_order":0,"comment_status":"closed","ping_status":"closed","template":"page-templates\/frontpage.php","meta":{"pagelayer_contact_templates":[],"_pagelayer_content":"","footnotes":""},"class_list":["post-59","page","type-page","status-publish","hentry"],"_links":{"self":[{"href":"https:\/\/mikonferencija.com\/en\/wp-json\/wp\/v2\/pages\/59","targetHints":{"allow":["GET"]}}],"collection":[{"href":"https:\/\/mikonferencija.com\/en\/wp-json\/wp\/v2\/pages"}],"about":[{"href":"https:\/\/mikonferencija.com\/en\/wp-json\/wp\/v2\/types\/page"}],"author":[{"embeddable":true,"href":"https:\/\/mikonferencija.com\/en\/wp-json\/wp\/v2\/users\/1"}],"replies":[{"embeddable":true,"href":"https:\/\/mikonferencija.com\/en\/wp-json\/wp\/v2\/comments?post=59"}],"version-history":[{"count":2,"href":"https:\/\/mikonferencija.com\/en\/wp-json\/wp\/v2\/pages\/59\/revisions"}],"predecessor-version":[{"id":162,"href":"https:\/\/mikonferencija.com\/en\/wp-json\/wp\/v2\/pages\/59\/revisions\/162"}],"wp:attachment":[{"href":"https:\/\/mikonferencija.com\/en\/wp-json\/wp\/v2\/media?parent=59"}],"curies":[{"name":"wp","href":"https:\/\/api.w.org\/{rel}","templated":true}]}}