{"id":64,"date":"2026-04-04T16:22:04","date_gmt":"2026-04-04T16:22:04","guid":{"rendered":"https:\/\/mikonferencija.com\/?page_id=64"},"modified":"2026-04-12T11:09:27","modified_gmt":"2026-04-12T11:09:27","slug":"migracije-i-identitet-kultura-ekonmija-drzava-cetvrto-izdanje","status":"publish","type":"page","link":"https:\/\/mikonferencija.com\/en\/migracije-i-identitet-kultura-ekonmija-drzava-cetvrto-izdanje\/","title":{"rendered":"Migration and Identity: Culture, Economy, and the State \u2013 Fourth Edition"},"content":{"rendered":"<section id=\"sec-d894\" class=\"u-clearfix u-section-2\">\n<div class=\"u-clearfix u-sheet u-sheet-1\">\n<p class=\"u-align-justify u-text u-text-2\">Organizator konferencije je <a href=\"https:\/\/imin.hr\/\">Institute for Migration Research<\/a> (IMIN).<\/p>\n<p>Ova konferencija predstavlja sredi\u0161nji me\u0111unarodni znanstveni skup Instituta za istra\u017eivanje migracija (IMIN) te jednu od klju\u010dnih platformi za interdisciplinarnu raspravu o suvremenim migracijskim procesima i njihovim vi\u0161edimenzionalnim dru\u0161tvenim, ekonomskim, politi\u010dkim i kulturnim implikacijama.<\/p>\n<p>Konferencija se odr\u017eava u kontinuiranim ciklusima te okuplja vode\u0107e doma\u0107e i me\u0111unarodne znanstvenike, stru\u010dnjake i donositelje javnih politika, afirmiraju\u0107i se kao relevantna platforma za razmjenu znanja, razvoj interdisciplinarnih istra\u017eivanja i oblikovanje <em>policy<\/em>-orijentiranih rje\u0161enja u podru\u010dju migracija.<\/p>\n<p>U uvjetima intenziviranih globalnih mobilnosti, demografskih promjena i transformacija tr\u017ei\u0161ta rada, migracije se afirmiraju kao jedno od klju\u010dnih analiti\u010dkih polazi\u0161ta za razumijevanje strukturnih promjena u suvremenim dru\u0161tvima.<\/p>\n<p>U tom smislu, osobito se poti\u010du istra\u017eivanja koja diferencirano pristupaju razli\u010ditim oblicima mobilnosti, uklju\u010duju\u0107i povratne migracije (povratni\u0161tvo), cirkularne migracije te procese reintegracije migranata, uz analizu njihovih u\u010dinaka na pojedince, zajednice i gospodarstva. Posebna pa\u017enja usmjerena je na ulogu tih procesa u demografskoj revitalizaciji, ubla\u017eavanju nedostatka radne snage, prijenosu znanja i kapitala te poticanju odr\u017eivog dru\u0161tveno-gospodarskog razvoja.<\/p>\n<p>Pozivaju se teorijski utemeljeni i empirijski radovi koji doprinose razumijevanju uzroka, obrazaca i posljedica migracija na globalnoj razini, uklju\u010duju\u0107i komparativne i transnacionalne perspektive.<\/p>\n<p>&nbsp;<\/p>\n<\/div>\n<ul>\n<li><a href=\"https:\/\/mikonferencija.com\/wp-content\/uploads\/2026\/04\/HR-pozivno-pismo-.pdf\">Pozivno pismo<\/a> (poveznica)<\/li>\n<\/ul>\n<\/section>\n<section id=\"sec-d894\" class=\"u-clearfix u-section-2\">\n<hr \/>\n<p>&nbsp;<\/p>\n<p>This conference represents the central international scientific event of the <a href=\"https:\/\/imin.hr\/?lang=hr&amp;pagename=naslovnica-2\">Institute for Migration Research <\/a>(IMIN) and one of the key platforms for interdisciplinary discussion on contemporary migration processes and their multidimensional social, economic, political, and cultural implications.<\/p>\n<p>The conference is held in continuous cycles and brings together leading national and international scholars, experts, and policy makers, establishing itself as a relevant platform for knowledge exchange, the development of interdisciplinary research, and the formulation of policy-oriented solutions in the field of migration.<\/p>\n<p>In the context of intensified global mobility, demographic change, and labour market transformations, migration is increasingly recognized as a key analytical framework for understanding structural changes in contemporary societies.<\/p>\n<p>In this regard, particular attention is given to research that adopts a differentiated approach to various forms of mobility, including return migration, circular migration, and migrant reintegration processes, as well as their impacts on individuals, communities, and economies. Special emphasis is placed on the role of these processes in demographic revitalization, mitigating labour shortages, facilitating the transfer of knowledge and capital, and fostering sustainable socio-economic development.<\/p>\n<p>The conference welcomes theoretically grounded and empirical papers that contribute to understanding the causes, patterns, and consequences of migration at the global level, including comparative and transnational perspectives.<\/p>\n<ul>\n<li><a href=\"https:\/\/mikonferencija.com\/wp-content\/uploads\/2026\/04\/EN-CALL-FOR-PAPERS.pdf\">Call for papers<\/a> (link)<\/li>\n<\/ul>\n<p><a href=\"https:\/\/imin.hr\/\"><img loading=\"lazy\" decoding=\"async\" class=\"size-medium wp-image-61 aligncenter\" src=\"https:\/\/mikonferencija.com\/wp-content\/uploads\/2026\/04\/IMIN-LOGO1-300x114.png\" alt=\"\" width=\"300\" height=\"114\" srcset=\"https:\/\/mikonferencija.com\/wp-content\/uploads\/2026\/04\/IMIN-LOGO1-300x114.png 300w, https:\/\/mikonferencija.com\/wp-content\/uploads\/2026\/04\/IMIN-LOGO1-768x291.png 768w, https:\/\/mikonferencija.com\/wp-content\/uploads\/2026\/04\/IMIN-LOGO1.png 878w\" sizes=\"auto, (max-width: 300px) 100vw, 300px\" \/><\/a><\/p>\n<\/section>","protected":false},"excerpt":{"rendered":"<p>Organizator konferencije je Institut za istra\u017eivanje migracija (IMIN). Ova konferencija predstavlja sredi\u0161nji me\u0111unarodni znanstveni skup Instituta za istra\u017eivanje migracija (IMIN) te jednu od klju\u010dnih platformi za interdisciplinarnu raspravu o suvremenim&hellip;<\/p>","protected":false},"author":1,"featured_media":61,"parent":0,"menu_order":0,"comment_status":"closed","ping_status":"closed","template":"","meta":{"pagelayer_contact_templates":[],"_pagelayer_content":"","footnotes":""},"class_list":["post-64","page","type-page","status-publish","has-post-thumbnail","hentry"],"_links":{"self":[{"href":"https:\/\/mikonferencija.com\/en\/wp-json\/wp\/v2\/pages\/64","targetHints":{"allow":["GET"]}}],"collection":[{"href":"https:\/\/mikonferencija.com\/en\/wp-json\/wp\/v2\/pages"}],"about":[{"href":"https:\/\/mikonferencija.com\/en\/wp-json\/wp\/v2\/types\/page"}],"author":[{"embeddable":true,"href":"https:\/\/mikonferencija.com\/en\/wp-json\/wp\/v2\/users\/1"}],"replies":[{"embeddable":true,"href":"https:\/\/mikonferencija.com\/en\/wp-json\/wp\/v2\/comments?post=64"}],"version-history":[{"count":8,"href":"https:\/\/mikonferencija.com\/en\/wp-json\/wp\/v2\/pages\/64\/revisions"}],"predecessor-version":[{"id":261,"href":"https:\/\/mikonferencija.com\/en\/wp-json\/wp\/v2\/pages\/64\/revisions\/261"}],"wp:featuredmedia":[{"embeddable":true,"href":"https:\/\/mikonferencija.com\/en\/wp-json\/wp\/v2\/media\/61"}],"wp:attachment":[{"href":"https:\/\/mikonferencija.com\/en\/wp-json\/wp\/v2\/media?parent=64"}],"curies":[{"name":"wp","href":"https:\/\/api.w.org\/{rel}","templated":true}]}}