{"id":71,"date":"2026-04-04T16:42:48","date_gmt":"2026-04-04T16:42:48","guid":{"rendered":"https:\/\/mikonferencija.com\/?page_id=71"},"modified":"2026-04-12T11:01:06","modified_gmt":"2026-04-12T11:01:06","slug":"registrirajte-se","status":"publish","type":"page","link":"https:\/\/mikonferencija.com\/en\/registrirajte-se\/","title":{"rendered":"Register now"},"content":{"rendered":"<p><strong>VA\u017dNI DATUMI<\/strong>:<\/p>\n<p>&nbsp;<\/p>\n<p><strong>Datumi odr\u017eavanja konferencije:<\/strong> 03. i 04. 12. 2026. godine<\/p>\n<p><strong>Predaja sa\u017eetaka (do 300 rije\u010di):<\/strong> 30.05.2026. godine<\/p>\n<p><strong>Predaja radova (okvirno 5000 rije\u010di):<\/strong> 30.10.2026. godine<\/p>\n<p><strong>Rok za uplatu kotizacije (rana prijava):<\/strong> 30. 9. 2026. godine<\/p>\n<p>&nbsp;<\/p>\n<p><strong>Svoje prijave i sa\u017eetke molimo slati na e-mail adresu: <\/strong><a href=\"mailto:mi4konferencija@imin.hr\"><strong>mi4konferencija@imin.hr<\/strong><\/a><\/p>\n<p>&nbsp;<\/p>\n<ul>\n<li>Predvi\u0111eno vrijeme za izlaganje je 15 minuta<\/li>\n<li>Slu\u017ebeni\/radni jezici skupa su: hrvatski, srpski, slovenski, bosanski, crnogorski i engleski<\/li>\n<li>Za prijavu teme potrebno je poslati imena autora, naslov izlaganja, sa\u017eetak do 300 rije\u010di i 5 klju\u010dnih rije\u010di na jednom od slu\u017ebenih jezika skupa i na engleskom jeziku.<\/li>\n<li>Sa\u017eetak treba poslati u Wordovom dokumentu, font TNR, veli\u010dina 12, jednostrukog razmaka izme\u0111u redaka i odlomaka.<\/li>\n<li>Nakon konferencije (u 2027. godini) bit \u0107e objavljen zbornik s recenziranim radovima.<\/li>\n<\/ul>\n<p>&nbsp;<\/p>\n<p>Za sudjelovanje na konferenciji potrebno je uplatiti<strong> kotizaciju od 100 eura na ra\u010dun IMIN-a: HR7123900011100011476 (Hrvatska po\u0161tanska banka)<\/strong>, a svrha uplate je: kotizacija MI4<\/p>\n<hr \/>\n<p><strong>IMPORTANT DATES:<\/strong><\/p>\n<p>&nbsp;<\/p>\n<p>Conference dates: <strong>December 3\u20134, 2026<\/strong><\/p>\n<p>Abstract submission (up to 300 words): <strong>May 30, 2026<\/strong><\/p>\n<p>Full paper submission (approx. 5,000 words): <strong>October 30, 2026<\/strong><\/p>\n<p>Early registration fee deadline: <strong>September 30, 2026<\/strong><\/p>\n<p>&nbsp;<\/p>\n<p><strong>Please send your applications and abstracts to the following email address: mi4konferencija@imin.hr<\/strong><\/p>\n<p>&nbsp;<\/p>\n<ul>\n<li>Presentation time: 15 minutes<\/li>\n<li>Official languages of the conference: Croatian, Serbian, Slovenian, Bosnian, Montenegrin, and English<\/li>\n<li>Abstract submission must include: author(s), title, abstract (up to 300 words), and 5 keywords in one of the official conference languages and in English<\/li>\n<li>Abstract format: Word document, Times New Roman, font size 12, single spacing<\/li>\n<\/ul>\n<p>&nbsp;<\/p>\n<p>After the conference (in 2027), a peer-reviewed conference proceedings volume will be published.<\/p>\n<p>&nbsp;<\/p>\n<p><strong>REGISTRATION FEE:<\/strong><\/p>\n<p>&nbsp;<\/p>\n<p>The participation fee is EUR 100, payable to the IMIN&#8217;s account:<\/p>\n<p><strong>IBAN: HR7123900011100011476 (Hrvatska <\/strong><strong>po\u0161tanska banka<\/strong><strong>)<\/strong><\/p>\n<p>Payment reference: MI4 conference fee<\/p>\n<hr \/>\n<p>&nbsp;<\/p>\n\n<div class=\"wpcf7 no-js\" id=\"wpcf7-f120-o1\" lang=\"hr\" dir=\"ltr\" data-wpcf7-id=\"120\">\n<div class=\"screen-reader-response\"><p role=\"status\" aria-live=\"polite\" aria-atomic=\"true\"><\/p> <ul><\/ul><\/div>\n<form action=\"\/en\/wp-json\/wp\/v2\/pages\/71#wpcf7-f120-o1\" method=\"post\" class=\"wpcf7-form init\" aria-label=\"Kontakt obrazac\" enctype=\"multipart\/form-data\" novalidate=\"novalidate\" data-status=\"init\" data-trp-original-action=\"\/en\/wp-json\/wp\/v2\/pages\/71#wpcf7-f120-o1\">\n<fieldset class=\"hidden-fields-container\"><input type=\"hidden\" name=\"_wpcf7\" value=\"120\" \/><input type=\"hidden\" name=\"_wpcf7_version\" value=\"6.1.5\" \/><input type=\"hidden\" name=\"_wpcf7_locale\" value=\"hr\" \/><input type=\"hidden\" name=\"_wpcf7_unit_tag\" value=\"wpcf7-f120-o1\" \/><input type=\"hidden\" name=\"_wpcf7_container_post\" value=\"0\" \/><input type=\"hidden\" name=\"_wpcf7_posted_data_hash\" value=\"\" \/>\n<\/fieldset>\n<p>Full name\n<\/p>\n<p><span class=\"wpcf7-form-control-wrap\" data-name=\"ime-prezime\"><input size=\"40\" maxlength=\"400\" class=\"wpcf7-form-control wpcf7-text wpcf7-validates-as-required\" aria-required=\"true\" aria-invalid=\"false\" value=\"\" type=\"text\" name=\"ime-prezime\" \/><\/span>\n<\/p>\n<p>Affiliation\n<\/p>\n<p><span class=\"wpcf7-form-control-wrap\" data-name=\"institucija\"><input size=\"40\" maxlength=\"400\" class=\"wpcf7-form-control wpcf7-text\" aria-invalid=\"false\" value=\"\" type=\"text\" name=\"institucija\" \/><\/span>\n<\/p>\n<p>E-mail*\n<\/p>\n<p><span class=\"wpcf7-form-control-wrap\" data-name=\"email\"><input size=\"40\" maxlength=\"400\" class=\"wpcf7-form-control wpcf7-email wpcf7-validates-as-required wpcf7-text wpcf7-validates-as-email\" aria-required=\"true\" aria-invalid=\"false\" value=\"\" type=\"email\" name=\"email\" \/><\/span>\n<\/p>\n<p>Phone\n<\/p>\n<p><span class=\"wpcf7-form-control-wrap\" data-name=\"telefon\"><input size=\"40\" maxlength=\"400\" class=\"wpcf7-form-control wpcf7-text\" aria-invalid=\"false\" value=\"\" type=\"text\" name=\"telefon\" \/><\/span>\n<\/p>\n<p>Type of participation\n<\/p>\n<p><span class=\"wpcf7-form-control-wrap\" data-name=\"sudjelovanje\"><span class=\"wpcf7-form-control wpcf7-radio\"><span class=\"wpcf7-list-item first\"><label><input type=\"radio\" name=\"sudjelovanje\" value=\"Izlaga\u010d\/ica\" checked=\"checked\" \/><span class=\"wpcf7-list-item-label\">Presenter<\/span><\/label><\/span><span class=\"wpcf7-list-item last\"><label><input type=\"radio\" name=\"sudjelovanje\" value=\"Slu\u0161atelj\/ica\" \/><span class=\"wpcf7-list-item-label\">Participant<\/span><\/label><\/span><\/span><\/span>\n<\/p>\n<p>Presentation title\n<\/p>\n<p><span class=\"wpcf7-form-control-wrap\" data-name=\"naslov-izlaganja\"><input size=\"40\" maxlength=\"400\" class=\"wpcf7-form-control wpcf7-text\" aria-invalid=\"false\" value=\"\" type=\"text\" name=\"naslov-izlaganja\" \/><\/span>\n<\/p>\n<p>Abstract\n<\/p>\n<p><span class=\"wpcf7-form-control-wrap\" data-name=\"sazetak\"><textarea cols=\"40\" rows=\"10\" maxlength=\"2000\" class=\"wpcf7-form-control wpcf7-textarea\" aria-invalid=\"false\" name=\"sazetak\"><\/textarea><\/span>\n<\/p>\n<p>Upload your abstract (DOC, DOCX, PDF, max. 10 MB)\n<\/p>\n<p><span class=\"wpcf7-form-control-wrap\" data-name=\"datoteka\"><input size=\"40\" class=\"wpcf7-form-control wpcf7-file\" accept=\".pdf,.doc,.docx\" aria-invalid=\"false\" type=\"file\" name=\"datoteka\" \/><\/span>\n<\/p>\n<p>Note\n<\/p>\n<p><span class=\"wpcf7-form-control-wrap\" data-name=\"napomena\"><textarea cols=\"40\" rows=\"10\" maxlength=\"2000\" class=\"wpcf7-form-control wpcf7-textarea\" aria-invalid=\"false\" name=\"napomena\"><\/textarea><\/span>\n<\/p>\n<p><span class=\"wpcf7-form-control-wrap\" data-name=\"privola\"><span class=\"wpcf7-form-control wpcf7-acceptance\"><span class=\"wpcf7-list-item\"><label><input type=\"checkbox\" name=\"privola\" value=\"1\" aria-invalid=\"false\" \/><span class=\"wpcf7-list-item-label\">I consent to the processing of my personal data for the purposes of conference registration.<\/span><\/label><\/span><\/span><\/span>\n<\/p>\n<p><input class=\"wpcf7-form-control wpcf7-submit has-spinner\" type=\"submit\" value=\"Submit\" \/>\n<\/p><div class=\"wpcf7-response-output\" aria-hidden=\"true\"><\/div>\n<input type=\"hidden\" name=\"trp-form-language\" value=\"en\"\/><\/form>\n<\/div>","protected":false},"excerpt":{"rendered":"<p>VA\u017dNI DATUMI: &nbsp; Datumi odr\u017eavanja konferencije: 03. i 04. 12. 2026. godine Predaja sa\u017eetaka (do 300 rije\u010di): 30.05.2026. godine Predaja radova (okvirno 5000 rije\u010di): 30.10.2026. godine Rok za uplatu kotizacije&hellip;<\/p>","protected":false},"author":1,"featured_media":0,"parent":0,"menu_order":0,"comment_status":"closed","ping_status":"closed","template":"","meta":{"pagelayer_contact_templates":[],"_pagelayer_content":"","footnotes":""},"class_list":["post-71","page","type-page","status-publish","hentry"],"_links":{"self":[{"href":"https:\/\/mikonferencija.com\/en\/wp-json\/wp\/v2\/pages\/71","targetHints":{"allow":["GET"]}}],"collection":[{"href":"https:\/\/mikonferencija.com\/en\/wp-json\/wp\/v2\/pages"}],"about":[{"href":"https:\/\/mikonferencija.com\/en\/wp-json\/wp\/v2\/types\/page"}],"author":[{"embeddable":true,"href":"https:\/\/mikonferencija.com\/en\/wp-json\/wp\/v2\/users\/1"}],"replies":[{"embeddable":true,"href":"https:\/\/mikonferencija.com\/en\/wp-json\/wp\/v2\/comments?post=71"}],"version-history":[{"count":8,"href":"https:\/\/mikonferencija.com\/en\/wp-json\/wp\/v2\/pages\/71\/revisions"}],"predecessor-version":[{"id":257,"href":"https:\/\/mikonferencija.com\/en\/wp-json\/wp\/v2\/pages\/71\/revisions\/257"}],"wp:attachment":[{"href":"https:\/\/mikonferencija.com\/en\/wp-json\/wp\/v2\/media?parent=71"}],"curies":[{"name":"wp","href":"https:\/\/api.w.org\/{rel}","templated":true}]}}