{"id":79,"date":"2026-04-04T18:04:43","date_gmt":"2026-04-04T18:04:43","guid":{"rendered":"https:\/\/mikonferencija.com\/?page_id=79"},"modified":"2026-04-07T10:44:33","modified_gmt":"2026-04-07T10:44:33","slug":"prethodna-izdanja-konferencije","status":"publish","type":"page","link":"https:\/\/mikonferencija.com\/en\/prethodna-izdanja-konferencije\/","title":{"rendered":"Previous Conferences"},"content":{"rendered":"<style><span data-mce-type=\"bookmark\" style=\"display: inline-block; width: 0px; overflow: hidden; line-height: 0;\" class=\"mce_SELRES_start\">\ufeff<\/span><br \/>.konf-wrap {<br \/>  max-width: 1100px;<br \/>  margin: 0 auto;<br \/>}<\/p>\n<p>.konf-title {<br \/>  font-size: 26px;<br \/>  font-weight: 800;<br \/>  margin: 40px 0 20px;<br \/>  color: #0f2742;<br \/>}<\/p>\n<p>.konf-grid {<br \/>  display: flex;<br \/>  justify-content: center;<br \/>  gap: 25px;<br \/>  flex-wrap: wrap;<br \/>  margin-bottom: 20px;<br \/>}<\/p>\n<p>.konf-item {<br \/>  text-align: center;<br \/>}<\/p>\n<p>.konf-item img {<br \/>  width: 210px;<br \/>  border-radius: 18px;<br \/>  box-shadow: 0 14px 30px rgba(0,0,0,0.12);<br \/>  transition: 0.25s;<br \/>}<\/p>\n<p>.konf-item img:hover {<br \/>  transform: translateY(-5px) scale(1.02);<br \/>}<\/p>\n<p>\/* naziv iznad *\/<br \/>.konf-label {<br \/>  font-weight: 700;<br \/>  margin-bottom: 10px;<br \/>  color: #2c3e50;<br \/>}<\/p>\n<p>\/* gumb *\/<br \/>.konf-btn {<br \/>  display: inline-block;<br \/>  margin-top: 12px;<br \/>  padding: 10px 22px;<br \/>  border-radius: 999px;<br \/>  background: linear-gradient(135deg, #003b73, #00a896);<br \/>  color: white;<br \/>  font-weight: 700;<br \/>  text-decoration: none;<br \/>  transition: 0.25s;<br \/>}<\/p>\n<p>.konf-btn:hover {<br \/>  transform: translateY(-2px);<br \/>  box-shadow: 0 10px 25px rgba(0,0,0,0.2);<br \/>}<\/p>\n<p>\/* divider *\/<br \/>.konf-divider {<br \/>  margin: 40px 0;<br \/>  border-top: 1px solid #e5edf4;<br \/>}<br \/><\/style>\n<div class=\"konf-wrap\">\n<p><!-- I KONFERENCIJA --><\/p>\n<div class=\"konf-title\"><strong>1st Conference<\/strong><\/div>\n<div><\/div>\n<div class=\"konf-grid\">\n<div class=\"konf-item\">\n<div class=\"konf-label\">Conference Proceedings<\/div>\n<p><a href=\"https:\/\/mikonferencija.com\/wp-content\/uploads\/2026\/04\/zbornik_final.pdf.pdf\"><br \/>\n<img decoding=\"async\" src=\"https:\/\/mikonferencija.com\/wp-content\/uploads\/2026\/04\/KONF-I-209x300.png\" \/><br \/>\n<\/a><\/p>\n<p><a class=\"konf-btn\" href=\"https:\/\/mikonferencija.com\/wp-content\/uploads\/2026\/04\/zbornik_final.pdf.pdf\">Download<\/a><\/p>\n<\/div>\n<div class=\"konf-item\">\n<div><\/div>\n<div class=\"konf-label\">Book of Abstracts<\/div>\n<p><a href=\"https:\/\/mikonferencija.com\/wp-content\/uploads\/2026\/04\/MI_knjiga-sazetaka-EN_fin.pdf\"><br \/>\n<img decoding=\"async\" src=\"https:\/\/mikonferencija.com\/wp-content\/uploads\/2026\/04\/sazetak-eng-I-konf-213x300.png\" \/><br \/>\n<\/a><\/p>\n<p><a class=\"konf-btn\" href=\"https:\/\/mikonferencija.com\/wp-content\/uploads\/2026\/04\/MI_knjiga-sazetaka-EN_fin.pdf\">Download<\/a><\/p>\n<\/div>\n<div class=\"konf-item\">\n<div><\/div>\n<div class=\"konf-label\">Book of Abstracts<\/div>\n<p><a href=\"https:\/\/mikonferencija.com\/wp-content\/uploads\/2026\/04\/Migracije-i-identitet_knjiga-sazetaka.pdf\"><br \/>\n<img decoding=\"async\" src=\"https:\/\/mikonferencija.com\/wp-content\/uploads\/2026\/04\/knjiga-saazetaka-I-konf-213x300.png\" \/><br \/>\n<\/a><\/p>\n<p><a class=\"konf-btn\" href=\"https:\/\/mikonferencija.com\/wp-content\/uploads\/2026\/04\/Migracije-i-identitet_knjiga-sazetaka.pdf\">Download<\/a><\/p>\n<\/div>\n<p><strong>WEB<\/strong><\/p>\n<p><a href=\"https:\/\/migracije-konferencija.com\/\"><img loading=\"lazy\" decoding=\"async\" class=\"alignnone size-full wp-image-62\" src=\"https:\/\/mikonferencija.com\/wp-content\/uploads\/2026\/04\/logo_IMIN.png\" alt=\"\" width=\"205\" height=\"204\" srcset=\"https:\/\/mikonferencija.com\/wp-content\/uploads\/2026\/04\/logo_IMIN.png 205w, https:\/\/mikonferencija.com\/wp-content\/uploads\/2026\/04\/logo_IMIN-150x150.png 150w\" sizes=\"auto, (max-width: 205px) 100vw, 205px\" \/><\/a><\/p>\n<\/div>\n<div class=\"konf-divider\">\n<hr \/>\n<\/div>\n<p><!-- II KONFERENCIJA --><\/p>\n<div class=\"konf-title\"><strong>2nd Conference<\/strong><\/div>\n<div><\/div>\n<div class=\"konf-grid\">\n<div class=\"konf-item\">\n<div class=\"konf-label\">Book of Abstracts<\/div>\n<p><a href=\"https:\/\/mikonferencija.com\/wp-content\/uploads\/2026\/04\/Knjiga-sazetaka-MI2-konferencija-1.pdf.pdf\"><br \/>\n<img decoding=\"async\" src=\"https:\/\/mikonferencija.com\/wp-content\/uploads\/2026\/04\/sazeci-II-MIK-209x300.png\" \/><br \/>\n<\/a><\/p>\n<p><a class=\"konf-btn\" href=\"https:\/\/mikonferencija.com\/wp-content\/uploads\/2026\/04\/Knjiga-sazetaka-MI2-konferencija-1.pdf.pdf\">Download<\/a><\/p>\n<p>&nbsp;<\/p>\n<p><strong>WEB<\/strong><\/p>\n<\/div>\n<p><a href=\"https:\/\/migracije-konferencija2.com\/\"><img decoding=\"async\" src=\"https:\/\/mikonferencija.com\/wp-content\/uploads\/2026\/04\/logo_IMIN.png\" \/><\/a><\/p>\n<\/div>\n<div class=\"konf-divider\">\n<hr \/>\n<\/div>\n<p><!-- III KONFERENCIJA --><\/p>\n<div class=\"konf-title\"><strong>3rd Conference<\/strong><\/div>\n<div><\/div>\n<div class=\"konf-grid\">\n<div class=\"konf-item\">\n<div class=\"konf-label\">Book of Abstracts<\/div>\n<p><a href=\"https:\/\/mikonferencija.com\/wp-content\/uploads\/2026\/04\/KnjigaSazetaka_2024.pdf-1.pdf\"><br \/>\n<img decoding=\"async\" src=\"https:\/\/mikonferencija.com\/wp-content\/uploads\/2026\/04\/KNJIGA-SAZETAKA-IV-214x300.png\" \/><br \/>\n<\/a><\/p>\n<p><a class=\"konf-btn\" href=\"https:\/\/mikonferencija.com\/wp-content\/uploads\/2026\/04\/KnjigaSazetaka_2024.pdf-1.pdf\">Download<\/a><\/p>\n<\/div>\n<div class=\"konf-item\">\n<p><strong>WEB<\/strong><\/p>\n<\/div>\n<p><a href=\"https:\/\/migracije-konferencija3.com\/\"><img decoding=\"async\" src=\"https:\/\/mikonferencija.com\/wp-content\/uploads\/2026\/04\/logo_IMIN.png\" \/><\/a><\/p>\n<\/div>\n<\/div>","protected":false},"excerpt":{"rendered":"<p>I. KONFERENCIJA Zbornik radova Preuzmi PDF Book of Abstracts Preuzmi PDF Knjiga sa\u017eetaka Preuzmi PDF Internet stranica: II. KONFERENCIJA Knjiga sa\u017eetaka Preuzmi PDF &nbsp; Internet stranica: III. KONFERENCIJA Knjiga sa\u017eetaka&hellip;<\/p>","protected":false},"author":1,"featured_media":0,"parent":0,"menu_order":0,"comment_status":"closed","ping_status":"closed","template":"","meta":{"pagelayer_contact_templates":[],"_pagelayer_content":"","footnotes":""},"class_list":["post-79","page","type-page","status-publish","hentry"],"_links":{"self":[{"href":"https:\/\/mikonferencija.com\/en\/wp-json\/wp\/v2\/pages\/79","targetHints":{"allow":["GET"]}}],"collection":[{"href":"https:\/\/mikonferencija.com\/en\/wp-json\/wp\/v2\/pages"}],"about":[{"href":"https:\/\/mikonferencija.com\/en\/wp-json\/wp\/v2\/types\/page"}],"author":[{"embeddable":true,"href":"https:\/\/mikonferencija.com\/en\/wp-json\/wp\/v2\/users\/1"}],"replies":[{"embeddable":true,"href":"https:\/\/mikonferencija.com\/en\/wp-json\/wp\/v2\/comments?post=79"}],"version-history":[{"count":14,"href":"https:\/\/mikonferencija.com\/en\/wp-json\/wp\/v2\/pages\/79\/revisions"}],"predecessor-version":[{"id":228,"href":"https:\/\/mikonferencija.com\/en\/wp-json\/wp\/v2\/pages\/79\/revisions\/228"}],"wp:attachment":[{"href":"https:\/\/mikonferencija.com\/en\/wp-json\/wp\/v2\/media?parent=79"}],"curies":[{"name":"wp","href":"https:\/\/api.w.org\/{rel}","templated":true}]}}